{"id":18,"date":"2017-02-01T08:33:15","date_gmt":"2017-02-01T08:33:15","guid":{"rendered":"http:\/\/www.wagner-tirol.at\/?page_id=18"},"modified":"2017-11-09T21:44:28","modified_gmt":"2017-11-09T21:44:28","slug":"ueber","status":"publish","type":"page","link":"https:\/\/www.wagner-tirol.at\/?page_id=18","title":{"rendered":"\u00dcber"},"content":{"rendered":"<p><strong>Unser Unternehmen stellt sich vor<\/strong><\/p>\n<p>Die Firma Michael Wagner wurde 1979 gegr\u00fcndet.<\/p>\n<p>&nbsp;<\/p>\n<p>Wir k\u00f6nnen stolz auf eine \u00fcber\u00a035j\u00e4hrige Firmengeschichte als Einzelunternehmen zur\u00fcckblicken. Damals noch mit den Gewerken Dachdeckerei und seit 20 Jahren im Schwimmbadbau.<\/p>\n<p>&nbsp;<\/p>\n<p><em><strong>Zu unseren Dienstleistungen z\u00e4hlen der Verkauf, die Planung und die Montage von Schwimmb\u00e4dern, Solar,\u00a0Whirlpool\u00a0und dem dazugeh\u00f6rigen Zubeh\u00f6r.<\/strong><\/em><\/p>\n<p>&nbsp;<\/p>\n<p><strong>Schwimmbecken:<\/strong><\/p>\n<p>Polyesterbecken, Folienbecken, Stahlwandbecken, Therapiebecken, Polystyrolsteinbecken, Beckensets zur Selbstmontage<\/p>\n<p><strong>Abdeckungen:<\/strong><\/p>\n<p>Rolloabdeckungen, Schiebehallen, Folienabdeckungen<\/p>\n<p><strong>Leistungen:<\/strong><\/p>\n<p>Sanierung, Planung, Montage, Wartung, Becken reinigen, Inbetriebnahme,\u00a0einwintern, Sandwechsel, Becken Betreung<\/p>\n<p><strong>Handel:<\/strong><\/p>\n<p>Chemie, Reinigungsger\u00e4te, Zubeh\u00f6r<\/p>\n<p>&nbsp;<\/p>\n<p><strong>Unser Motto:<\/strong><\/p>\n<p>F\u00fcr jeden Kunden die richtige L\u00f6sung.<\/p>\n<p>&nbsp;<\/p>\n<p><em><strong>Gern\u00a0beraten wir Sie bei Ihren Fragen und\u00a0erstellen f\u00fcr Sie ein pers\u00f6nliches Angebot.<\/strong><\/em><\/p>\n<p>&nbsp;<\/p>\n<p>&nbsp;<\/p>\n<p>&nbsp;<\/p>\n<p>Gern liefern wir Ihnen ben\u00f6tigte Artikel nach Hause. (Umkreis von 20km)<\/p>\n<p>&nbsp;<\/p>\n<p><strong>Gern \u00fcbernehmen wir f\u00fcr Sie das Einwintern, die Inbetriebnahme und das Reinigung Ihres Schwimmbades.<\/strong><\/p>\n<p>&nbsp;<\/p>\n<p><strong>Wenn Sie uns in unserem B\u00fcro besuchen wollen, dann bitten wir Sie um telefonische Vereinbarung.<br \/>\n<\/strong><\/p>\n<p><em>Sie erreichen uns\u00a0unter folgenden Telefonnummern:<\/em><\/p>\n<p><em>\u00a0Herr Wittig: 0699 81318376<\/em><\/p>\n<p>B\u00fcro: 05223 56168<\/p>\n","protected":false},"excerpt":{"rendered":"<p>Unser Unternehmen stellt sich vor Die Firma Michael Wagner wurde 1979 gegr\u00fcndet. &nbsp; Wir k\u00f6nnen stolz auf eine \u00fcber\u00a035j\u00e4hrige Firmengeschichte als Einzelunternehmen zur\u00fcckblicken. Damals noch mit den Gewerken Dachdeckerei und [&hellip;]<\/p>\n","protected":false},"author":1,"featured_media":0,"parent":0,"menu_order":0,"comment_status":"closed","ping_status":"closed","template":"","meta":{"footnotes":""},"_links":{"self":[{"href":"https:\/\/www.wagner-tirol.at\/index.php?rest_route=\/wp\/v2\/pages\/18"}],"collection":[{"href":"https:\/\/www.wagner-tirol.at\/index.php?rest_route=\/wp\/v2\/pages"}],"about":[{"href":"https:\/\/www.wagner-tirol.at\/index.php?rest_route=\/wp\/v2\/types\/page"}],"author":[{"embeddable":true,"href":"https:\/\/www.wagner-tirol.at\/index.php?rest_route=\/wp\/v2\/users\/1"}],"replies":[{"embeddable":true,"href":"https:\/\/www.wagner-tirol.at\/index.php?rest_route=%2Fwp%2Fv2%2Fcomments&post=18"}],"version-history":[{"count":4,"href":"https:\/\/www.wagner-tirol.at\/index.php?rest_route=\/wp\/v2\/pages\/18\/revisions"}],"predecessor-version":[{"id":262,"href":"https:\/\/www.wagner-tirol.at\/index.php?rest_route=\/wp\/v2\/pages\/18\/revisions\/262"}],"wp:attachment":[{"href":"https:\/\/www.wagner-tirol.at\/index.php?rest_route=%2Fwp%2Fv2%2Fmedia&parent=18"}],"curies":[{"name":"wp","href":"https:\/\/api.w.org\/{rel}","templated":true}]}}