{"id":20,"date":"2017-02-01T08:34:59","date_gmt":"2017-02-01T08:34:59","guid":{"rendered":"http:\/\/www.wagner-tirol.at\/?page_id=20"},"modified":"2017-03-09T11:32:23","modified_gmt":"2017-03-09T11:32:23","slug":"schwimmbecken","status":"publish","type":"page","link":"https:\/\/www.wagner-tirol.at\/?page_id=20","title":{"rendered":"Schwimmbecken"},"content":{"rendered":"<p><strong>Schwimmb\u00e4der<\/strong><\/p>\n<p>&nbsp;<\/p>\n<p>Wir schaffen Ihre pers\u00f6nliche Wohlf\u00fchloase.<\/p>\n<p>Je nach Kundenwunsch\u00a0verwirklichen wir dies mit einem Folien-, Polyester-, Segment- oder Edelstahlbecken.<\/p>\n<p>Gern erstellen wir ein Angebot nach Ihren Vorstellungen.<\/p>\n<p>&nbsp;<\/p>\n<p><strong>Folienbecken<\/strong><\/p>\n\n<div class=\"row gallery-space pV0H10\">\n\t\t\t\t<div class=\"four columns mobile-four space-bottom mobile-fullwidth\">\n\t\t\t\t<div class=\"row\">\n\t\t\t\t\t<div class=\"twelve columns pV0H5 gallery_fancybox\">\n\t\t\t\t\t\t<a class=\"fancybox gallery_3col image\" data-fancybox-group=\"gallery_3col\"  href=\"https:\/\/www.wagner-tirol.at\/wp-content\/uploads\/2017\/03\/Schwimmbecken-Folienbecken-2.jpg\" title=\"\">\n\t\t\t\t\t\t\t\t\t\t\t<img decoding=\"async\" src=\"https:\/\/www.wagner-tirol.at\/wp-content\/uploads\/2017\/03\/Schwimmbecken-Folienbecken-2-400x250.jpg\" alt=\"\" title=\"\"\/>\n\t\t\t\t\t\t\t\t\t\t\t<\/a>\n\t\t\t\t\t<\/div>\n\t\t\t\t<\/div>\n\t\t\t<\/div>                 \n\t\t\t\t\n\t\t\t\t<div class=\"four columns mobile-four space-bottom mobile-fullwidth\">\n\t\t\t\t<div class=\"row\">\n\t\t\t\t\t<div class=\"twelve columns pV0H5 gallery_fancybox\">\n\t\t\t\t\t\t<a class=\"fancybox gallery_3col image\" data-fancybox-group=\"gallery_3col\"  href=\"https:\/\/www.wagner-tirol.at\/wp-content\/uploads\/2017\/03\/Schwimmbecken-Folienbecken-3.jpg\" title=\"\">\n\t\t\t\t\t\t\t\t\t\t\t<img decoding=\"async\" src=\"https:\/\/www.wagner-tirol.at\/wp-content\/uploads\/2017\/03\/Schwimmbecken-Folienbecken-3-400x250.jpg\" alt=\"\" title=\"\"\/>\n\t\t\t\t\t\t\t\t\t\t\t<\/a>\n\t\t\t\t\t<\/div>\n\t\t\t\t<\/div>\n\t\t\t<\/div>                 \n\t\t\t\t\n\t\t\t\t<div class=\"four columns mobile-four space-bottom mobile-fullwidth\">\n\t\t\t\t<div class=\"row\">\n\t\t\t\t\t<div class=\"twelve columns pV0H5 gallery_fancybox\">\n\t\t\t\t\t\t<a class=\"fancybox gallery_3col image\" data-fancybox-group=\"gallery_3col\"  href=\"https:\/\/www.wagner-tirol.at\/wp-content\/uploads\/2017\/03\/Schwimmbecken-Folienbecken-4.jpg\" title=\"\">\n\t\t\t\t\t\t\t\t\t\t\t<img decoding=\"async\" src=\"https:\/\/www.wagner-tirol.at\/wp-content\/uploads\/2017\/03\/Schwimmbecken-Folienbecken-4-400x250.jpg\" alt=\"\" title=\"\"\/>\n\t\t\t\t\t\t\t\t\t\t\t<\/a>\n\t\t\t\t\t<\/div>\n\t\t\t\t<\/div>\n\t\t\t<\/div>                 \n\t\t\t\t\n\t\t\t\t<div class=\"four columns mobile-four space-bottom mobile-fullwidth\">\n\t\t\t\t<div class=\"row\">\n\t\t\t\t\t<div class=\"twelve columns pV0H5 gallery_fancybox\">\n\t\t\t\t\t\t<a class=\"fancybox gallery_3col image\" data-fancybox-group=\"gallery_3col\"  href=\"https:\/\/www.wagner-tirol.at\/wp-content\/uploads\/2017\/03\/Schwimmbecken-Folienbecken-5.jpg\" title=\"\">\n\t\t\t\t\t\t\t\t\t\t\t<img decoding=\"async\" src=\"https:\/\/www.wagner-tirol.at\/wp-content\/uploads\/2017\/03\/Schwimmbecken-Folienbecken-5-400x250.jpg\" alt=\"\" title=\"\"\/>\n\t\t\t\t\t\t\t\t\t\t\t<\/a>\n\t\t\t\t\t<\/div>\n\t\t\t\t<\/div>\n\t\t\t<\/div>                 \n\t\t\t\t\n\t\t\t\t<div class=\"four columns mobile-four space-bottom mobile-fullwidth\">\n\t\t\t\t<div class=\"row\">\n\t\t\t\t\t<div class=\"twelve columns pV0H5 gallery_fancybox\">\n\t\t\t\t\t\t<a class=\"fancybox gallery_3col image\" data-fancybox-group=\"gallery_3col\"  href=\"https:\/\/www.wagner-tirol.at\/wp-content\/uploads\/2017\/03\/Schwimmbecken-Folienbecken-6.jpg\" title=\"\">\n\t\t\t\t\t\t\t\t\t\t\t<img decoding=\"async\" src=\"https:\/\/www.wagner-tirol.at\/wp-content\/uploads\/2017\/03\/Schwimmbecken-Folienbecken-6-400x250.jpg\" alt=\"\" title=\"\"\/>\n\t\t\t\t\t\t\t\t\t\t\t<\/a>\n\t\t\t\t\t<\/div>\n\t\t\t\t<\/div>\n\t\t\t<\/div>                 \n\t\t\t\t\n\t\t\t\t<div class=\"four columns mobile-four space-bottom mobile-fullwidth\">\n\t\t\t\t<div class=\"row\">\n\t\t\t\t\t<div class=\"twelve columns pV0H5 gallery_fancybox\">\n\t\t\t\t\t\t<a class=\"fancybox gallery_3col image\" data-fancybox-group=\"gallery_3col\"  href=\"https:\/\/www.wagner-tirol.at\/wp-content\/uploads\/2017\/03\/Schwimmbecken-Folienbecken-7.jpg\" title=\"\">\n\t\t\t\t\t\t\t\t\t\t\t<img decoding=\"async\" src=\"https:\/\/www.wagner-tirol.at\/wp-content\/uploads\/2017\/03\/Schwimmbecken-Folienbecken-7-400x250.jpg\" alt=\"\" title=\"\"\/>\n\t\t\t\t\t\t\t\t\t\t\t<\/a>\n\t\t\t\t\t<\/div>\n\t\t\t\t<\/div>\n\t\t\t<\/div>                 \n\t\t\t\t\n\t\t\t\t<div class=\"four columns mobile-four space-bottom mobile-fullwidth\">\n\t\t\t\t<div class=\"row\">\n\t\t\t\t\t<div class=\"twelve columns pV0H5 gallery_fancybox\">\n\t\t\t\t\t\t<a class=\"fancybox gallery_3col image\" data-fancybox-group=\"gallery_3col\"  href=\"https:\/\/www.wagner-tirol.at\/wp-content\/uploads\/2017\/03\/Schwimmbecken-Folienbecken-8.jpg\" title=\"\">\n\t\t\t\t\t\t\t\t\t\t\t<img decoding=\"async\" src=\"https:\/\/www.wagner-tirol.at\/wp-content\/uploads\/2017\/03\/Schwimmbecken-Folienbecken-8-400x250.jpg\" alt=\"\" title=\"\"\/>\n\t\t\t\t\t\t\t\t\t\t\t<\/a>\n\t\t\t\t\t<\/div>\n\t\t\t\t<\/div>\n\t\t\t<\/div>                 \n\t\t\t\t\n\t\t\t\t<div class=\"four columns mobile-four space-bottom mobile-fullwidth\">\n\t\t\t\t<div class=\"row\">\n\t\t\t\t\t<div class=\"twelve columns pV0H5 gallery_fancybox\">\n\t\t\t\t\t\t<a class=\"fancybox gallery_3col image\" data-fancybox-group=\"gallery_3col\"  href=\"https:\/\/www.wagner-tirol.at\/wp-content\/uploads\/2017\/03\/Schwimmbecken-Folienbecken-9.jpg\" title=\"\">\n\t\t\t\t\t\t\t\t\t\t\t<img decoding=\"async\" src=\"https:\/\/www.wagner-tirol.at\/wp-content\/uploads\/2017\/03\/Schwimmbecken-Folienbecken-9-400x250.jpg\" alt=\"\" title=\"\"\/>\n\t\t\t\t\t\t\t\t\t\t\t<\/a>\n\t\t\t\t\t<\/div>\n\t\t\t\t<\/div>\n\t\t\t<\/div>                 \n\t\t\t\t\n\t\t\t\t<div class=\"four columns mobile-four space-bottom mobile-fullwidth\">\n\t\t\t\t<div class=\"row\">\n\t\t\t\t\t<div class=\"twelve columns pV0H5 gallery_fancybox\">\n\t\t\t\t\t\t<a class=\"fancybox gallery_3col image\" data-fancybox-group=\"gallery_3col\"  href=\"https:\/\/www.wagner-tirol.at\/wp-content\/uploads\/2017\/03\/schwimmbecken-folienbecken-003.jpg\" title=\"\">\n\t\t\t\t\t\t\t\t\t\t\t<img decoding=\"async\" src=\"https:\/\/www.wagner-tirol.at\/wp-content\/uploads\/2017\/03\/schwimmbecken-folienbecken-003-400x250.jpg\" alt=\"\" title=\"\"\/>\n\t\t\t\t\t\t\t\t\t\t\t<\/a>\n\t\t\t\t\t<\/div>\n\t\t\t\t<\/div>\n\t\t\t<\/div>                 \n\t\t\t\t\n\t\t\t\t<div class=\"four columns mobile-four space-bottom mobile-fullwidth\">\n\t\t\t\t<div class=\"row\">\n\t\t\t\t\t<div class=\"twelve columns pV0H5 gallery_fancybox\">\n\t\t\t\t\t\t<a class=\"fancybox gallery_3col image\" data-fancybox-group=\"gallery_3col\"  href=\"https:\/\/www.wagner-tirol.at\/wp-content\/uploads\/2017\/03\/schwimmbecken-folienbecken-004.jpg\" title=\"\">\n\t\t\t\t\t\t\t\t\t\t\t<img decoding=\"async\" src=\"https:\/\/www.wagner-tirol.at\/wp-content\/uploads\/2017\/03\/schwimmbecken-folienbecken-004-400x250.jpg\" alt=\"\" title=\"\"\/>\n\t\t\t\t\t\t\t\t\t\t\t<\/a>\n\t\t\t\t\t<\/div>\n\t\t\t\t<\/div>\n\t\t\t<\/div>                 \n\t\t\t\t\n\t\t\t\t<div class=\"four columns mobile-four space-bottom mobile-fullwidth\">\n\t\t\t\t<div class=\"row\">\n\t\t\t\t\t<div class=\"twelve columns pV0H5 gallery_fancybox\">\n\t\t\t\t\t\t<a class=\"fancybox gallery_3col image\" data-fancybox-group=\"gallery_3col\"  href=\"https:\/\/www.wagner-tirol.at\/wp-content\/uploads\/2017\/03\/schwimmbecken-folienbecken-005.jpg\" title=\"\">\n\t\t\t\t\t\t\t\t\t\t\t<img decoding=\"async\" src=\"https:\/\/www.wagner-tirol.at\/wp-content\/uploads\/2017\/03\/schwimmbecken-folienbecken-005-400x250.jpg\" alt=\"\" title=\"\"\/>\n\t\t\t\t\t\t\t\t\t\t\t<\/a>\n\t\t\t\t\t<\/div>\n\t\t\t\t<\/div>\n\t\t\t<\/div>                 \n\t\t\t\t\n\t\t\t\t<div class=\"four columns mobile-four space-bottom mobile-fullwidth\">\n\t\t\t\t<div class=\"row\">\n\t\t\t\t\t<div class=\"twelve columns pV0H5 gallery_fancybox\">\n\t\t\t\t\t\t<a class=\"fancybox gallery_3col image\" data-fancybox-group=\"gallery_3col\"  href=\"https:\/\/www.wagner-tirol.at\/wp-content\/uploads\/2017\/03\/schwimmbecken-folienbecken-006.jpg\" title=\"\">\n\t\t\t\t\t\t\t\t\t\t\t<img decoding=\"async\" src=\"https:\/\/www.wagner-tirol.at\/wp-content\/uploads\/2017\/03\/schwimmbecken-folienbecken-006-400x250.jpg\" alt=\"\" title=\"\"\/>\n\t\t\t\t\t\t\t\t\t\t\t<\/a>\n\t\t\t\t\t<\/div>\n\t\t\t\t<\/div>\n\t\t\t<\/div>                 \n\t\t\t\t\n\t\t\t\t<div class=\"four columns mobile-four space-bottom mobile-fullwidth\">\n\t\t\t\t<div class=\"row\">\n\t\t\t\t\t<div class=\"twelve columns pV0H5 gallery_fancybox\">\n\t\t\t\t\t\t<a class=\"fancybox gallery_3col image\" data-fancybox-group=\"gallery_3col\"  href=\"https:\/\/www.wagner-tirol.at\/wp-content\/uploads\/2017\/03\/schwimmbecken-folienbecken-007.jpg\" title=\"\">\n\t\t\t\t\t\t\t\t\t\t\t<img decoding=\"async\" src=\"https:\/\/www.wagner-tirol.at\/wp-content\/uploads\/2017\/03\/schwimmbecken-folienbecken-007-400x250.jpg\" alt=\"\" title=\"\"\/>\n\t\t\t\t\t\t\t\t\t\t\t<\/a>\n\t\t\t\t\t<\/div>\n\t\t\t\t<\/div>\n\t\t\t<\/div>                 \n\t\t\t\t\n\t\t\t\t<div class=\"four columns mobile-four space-bottom mobile-fullwidth\">\n\t\t\t\t<div class=\"row\">\n\t\t\t\t\t<div class=\"twelve columns pV0H5 gallery_fancybox\">\n\t\t\t\t\t\t<a class=\"fancybox gallery_3col image\" data-fancybox-group=\"gallery_3col\"  href=\"https:\/\/www.wagner-tirol.at\/wp-content\/uploads\/2017\/03\/schwimmbecken-folienbecken-008.jpg\" title=\"\">\n\t\t\t\t\t\t\t\t\t\t\t<img decoding=\"async\" src=\"https:\/\/www.wagner-tirol.at\/wp-content\/uploads\/2017\/03\/schwimmbecken-folienbecken-008-400x250.jpg\" alt=\"\" title=\"\"\/>\n\t\t\t\t\t\t\t\t\t\t\t<\/a>\n\t\t\t\t\t<\/div>\n\t\t\t\t<\/div>\n\t\t\t<\/div>                 \n\t\t\t\t\n\t\t\t\t<div class=\"four columns mobile-four space-bottom mobile-fullwidth\">\n\t\t\t\t<div class=\"row\">\n\t\t\t\t\t<div class=\"twelve columns pV0H5 gallery_fancybox\">\n\t\t\t\t\t\t<a class=\"fancybox gallery_3col image\" data-fancybox-group=\"gallery_3col\"  href=\"https:\/\/www.wagner-tirol.at\/wp-content\/uploads\/2017\/03\/schwimmbecken-folienbecken-009.jpg\" title=\"\">\n\t\t\t\t\t\t\t\t\t\t\t<img decoding=\"async\" src=\"https:\/\/www.wagner-tirol.at\/wp-content\/uploads\/2017\/03\/schwimmbecken-folienbecken-009-400x250.jpg\" alt=\"\" title=\"\"\/>\n\t\t\t\t\t\t\t\t\t\t\t<\/a>\n\t\t\t\t\t<\/div>\n\t\t\t\t<\/div>\n\t\t\t<\/div>                 \n\t\t\t\t\n\t\t\t\t<div class=\"four columns mobile-four space-bottom mobile-fullwidth\">\n\t\t\t\t<div class=\"row\">\n\t\t\t\t\t<div class=\"twelve columns pV0H5 gallery_fancybox\">\n\t\t\t\t\t\t<a class=\"fancybox gallery_3col image\" data-fancybox-group=\"gallery_3col\"  href=\"https:\/\/www.wagner-tirol.at\/wp-content\/uploads\/2017\/03\/schwimmbecken-folienbecken-010.jpg\" title=\"\">\n\t\t\t\t\t\t\t\t\t\t\t<img decoding=\"async\" src=\"https:\/\/www.wagner-tirol.at\/wp-content\/uploads\/2017\/03\/schwimmbecken-folienbecken-010-400x250.jpg\" alt=\"\" title=\"\"\/>\n\t\t\t\t\t\t\t\t\t\t\t<\/a>\n\t\t\t\t\t<\/div>\n\t\t\t\t<\/div>\n\t\t\t<\/div>                 \n\t\t\t\t\n\t\t\t\t<div class=\"four columns mobile-four space-bottom mobile-fullwidth\">\n\t\t\t\t<div class=\"row\">\n\t\t\t\t\t<div class=\"twelve columns pV0H5 gallery_fancybox\">\n\t\t\t\t\t\t<a class=\"fancybox gallery_3col image\" data-fancybox-group=\"gallery_3col\"  href=\"https:\/\/www.wagner-tirol.at\/wp-content\/uploads\/2017\/03\/schwimmbecken-folienbecken-011.jpg\" title=\"\">\n\t\t\t\t\t\t\t\t\t\t\t<img decoding=\"async\" src=\"https:\/\/www.wagner-tirol.at\/wp-content\/uploads\/2017\/03\/schwimmbecken-folienbecken-011-400x250.jpg\" alt=\"\" title=\"\"\/>\n\t\t\t\t\t\t\t\t\t\t\t<\/a>\n\t\t\t\t\t<\/div>\n\t\t\t\t<\/div>\n\t\t\t<\/div>                 \n\t\t\t\t\n\t\t\t\t<div class=\"four columns mobile-four space-bottom mobile-fullwidth\">\n\t\t\t\t<div class=\"row\">\n\t\t\t\t\t<div class=\"twelve columns pV0H5 gallery_fancybox\">\n\t\t\t\t\t\t<a class=\"fancybox gallery_3col image\" data-fancybox-group=\"gallery_3col\"  href=\"https:\/\/www.wagner-tirol.at\/wp-content\/uploads\/2017\/03\/schwimmbecken-folienbecken-012.jpg\" title=\"\">\n\t\t\t\t\t\t\t\t\t\t\t<img decoding=\"async\" src=\"https:\/\/www.wagner-tirol.at\/wp-content\/uploads\/2017\/03\/schwimmbecken-folienbecken-012-400x250.jpg\" alt=\"\" title=\"\"\/>\n\t\t\t\t\t\t\t\t\t\t\t<\/a>\n\t\t\t\t\t<\/div>\n\t\t\t\t<\/div>\n\t\t\t<\/div>                 \n\t\t\t\t\n\t\t\t\t<div class=\"four columns mobile-four space-bottom mobile-fullwidth\">\n\t\t\t\t<div class=\"row\">\n\t\t\t\t\t<div class=\"twelve columns pV0H5 gallery_fancybox\">\n\t\t\t\t\t\t<a class=\"fancybox gallery_3col image\" data-fancybox-group=\"gallery_3col\"  href=\"https:\/\/www.wagner-tirol.at\/wp-content\/uploads\/2017\/03\/schwimmbecken-folienbecken-013.jpg\" title=\"\">\n\t\t\t\t\t\t\t\t\t\t\t<img decoding=\"async\" src=\"https:\/\/www.wagner-tirol.at\/wp-content\/uploads\/2017\/03\/schwimmbecken-folienbecken-013-400x250.jpg\" alt=\"\" title=\"\"\/>\n\t\t\t\t\t\t\t\t\t\t\t<\/a>\n\t\t\t\t\t<\/div>\n\t\t\t\t<\/div>\n\t\t\t<\/div>                 \n\t\t\t\t\n\t\t\n\n<\/div>            \n\n\n<p>&nbsp;<\/p>\n<p><strong>Folienbeckenset<\/strong><\/p>\n\n<div class=\"row gallery-space pV0H10\">\n\t\t\t\t<div class=\"four columns mobile-four space-bottom mobile-fullwidth\">\n\t\t\t\t<div class=\"row\">\n\t\t\t\t\t<div class=\"twelve columns pV0H5 gallery_fancybox\">\n\t\t\t\t\t\t<a class=\"fancybox gallery_3col image\" data-fancybox-group=\"gallery_3col\"  href=\"https:\/\/www.wagner-tirol.at\/wp-content\/uploads\/2017\/03\/schwimmbecken-folienbecken-folienbeckenset-001.jpg\" title=\"\">\n\t\t\t\t\t\t\t\t\t\t\t<img decoding=\"async\" src=\"https:\/\/www.wagner-tirol.at\/wp-content\/uploads\/2017\/03\/schwimmbecken-folienbecken-folienbeckenset-001-400x250.jpg\" alt=\"\" title=\"\"\/>\n\t\t\t\t\t\t\t\t\t\t\t<\/a>\n\t\t\t\t\t<\/div>\n\t\t\t\t<\/div>\n\t\t\t<\/div>                 \n\t\t\t\t\n\t\t\t\t<div class=\"four columns mobile-four space-bottom mobile-fullwidth\">\n\t\t\t\t<div class=\"row\">\n\t\t\t\t\t<div class=\"twelve columns pV0H5 gallery_fancybox\">\n\t\t\t\t\t\t<a class=\"fancybox gallery_3col image\" data-fancybox-group=\"gallery_3col\"  href=\"https:\/\/www.wagner-tirol.at\/wp-content\/uploads\/2017\/03\/schwimmbecken-folienbecken-folienbeckenset-002.jpg\" title=\"\">\n\t\t\t\t\t\t\t\t\t\t\t<img decoding=\"async\" src=\"https:\/\/www.wagner-tirol.at\/wp-content\/uploads\/2017\/03\/schwimmbecken-folienbecken-folienbeckenset-002-400x250.jpg\" alt=\"\" title=\"\"\/>\n\t\t\t\t\t\t\t\t\t\t\t<\/a>\n\t\t\t\t\t<\/div>\n\t\t\t\t<\/div>\n\t\t\t<\/div>                 \n\t\t\t\t\n\t\t\n\n<\/div>            \n\n\n<p>Wir haben f\u00fcr Sie ein kosteng\u00fcnstiges Komplettset.<\/p>\n<p>Dieses besteht aus den Beckenbausteinen, Einbauteilen, Vlies, Schwimmbadfolie und einer guten Anleitung zur Selbstmontage.<\/p>\n<p>Gern unterst\u00fctzen wir Sie bei Fragen und helfen bei der Montage.<\/p>\n<p>&nbsp;<\/p>\n<p><strong>Segmentbecken<\/strong><\/p>\n\n<div class=\"row gallery-space pV0H10\">\n\t\t\t\t<div class=\"four columns mobile-four space-bottom mobile-fullwidth\">\n\t\t\t\t<div class=\"row\">\n\t\t\t\t\t<div class=\"twelve columns pV0H5 gallery_fancybox\">\n\t\t\t\t\t\t<a class=\"fancybox gallery_3col image\" data-fancybox-group=\"gallery_3col\"  href=\"https:\/\/www.wagner-tirol.at\/wp-content\/uploads\/2017\/03\/schwimmbecken-segmentbecken-000.jpg\" title=\"\">\n\t\t\t\t\t\t\t\t\t\t\t<img decoding=\"async\" src=\"https:\/\/www.wagner-tirol.at\/wp-content\/uploads\/2017\/03\/schwimmbecken-segmentbecken-000-400x250.jpg\" alt=\"\" title=\"\"\/>\n\t\t\t\t\t\t\t\t\t\t\t<\/a>\n\t\t\t\t\t<\/div>\n\t\t\t\t<\/div>\n\t\t\t<\/div>                 \n\t\t\t\t\n\t\t\t\t<div class=\"four columns mobile-four space-bottom mobile-fullwidth\">\n\t\t\t\t<div class=\"row\">\n\t\t\t\t\t<div class=\"twelve columns pV0H5 gallery_fancybox\">\n\t\t\t\t\t\t<a class=\"fancybox gallery_3col image\" data-fancybox-group=\"gallery_3col\"  href=\"https:\/\/www.wagner-tirol.at\/wp-content\/uploads\/2017\/03\/schwimmbecken-segmentbecken-001.jpg\" title=\"\">\n\t\t\t\t\t\t\t\t\t\t\t<img decoding=\"async\" src=\"https:\/\/www.wagner-tirol.at\/wp-content\/uploads\/2017\/03\/schwimmbecken-segmentbecken-001-400x250.jpg\" alt=\"\" title=\"\"\/>\n\t\t\t\t\t\t\t\t\t\t\t<\/a>\n\t\t\t\t\t<\/div>\n\t\t\t\t<\/div>\n\t\t\t<\/div>                 \n\t\t\t\t\n\t\t\t\t<div class=\"four columns mobile-four space-bottom mobile-fullwidth\">\n\t\t\t\t<div class=\"row\">\n\t\t\t\t\t<div class=\"twelve columns pV0H5 gallery_fancybox\">\n\t\t\t\t\t\t<a class=\"fancybox gallery_3col image\" data-fancybox-group=\"gallery_3col\"  href=\"https:\/\/www.wagner-tirol.at\/wp-content\/uploads\/2017\/03\/schwimmbecken-segmentbecken-002.jpg\" title=\"\">\n\t\t\t\t\t\t\t\t\t\t\t<img decoding=\"async\" src=\"https:\/\/www.wagner-tirol.at\/wp-content\/uploads\/2017\/03\/schwimmbecken-segmentbecken-002-400x250.jpg\" alt=\"\" title=\"\"\/>\n\t\t\t\t\t\t\t\t\t\t\t<\/a>\n\t\t\t\t\t<\/div>\n\t\t\t\t<\/div>\n\t\t\t<\/div>                 \n\t\t\t\t\n\t\t\t\t<div class=\"four columns mobile-four space-bottom mobile-fullwidth\">\n\t\t\t\t<div class=\"row\">\n\t\t\t\t\t<div class=\"twelve columns pV0H5 gallery_fancybox\">\n\t\t\t\t\t\t<a class=\"fancybox gallery_3col image\" data-fancybox-group=\"gallery_3col\"  href=\"https:\/\/www.wagner-tirol.at\/wp-content\/uploads\/2017\/03\/schwimmbecken-segmentbecken-003.jpg\" title=\"\">\n\t\t\t\t\t\t\t\t\t\t\t<img decoding=\"async\" src=\"https:\/\/www.wagner-tirol.at\/wp-content\/uploads\/2017\/03\/schwimmbecken-segmentbecken-003-400x250.jpg\" alt=\"\" title=\"\"\/>\n\t\t\t\t\t\t\t\t\t\t\t<\/a>\n\t\t\t\t\t<\/div>\n\t\t\t\t<\/div>\n\t\t\t<\/div>                 \n\t\t\t\t\n\t\t\n\n<\/div>            \n\n\n<p>Individuell auf den Millimeter ma\u00dfgefertigt.<\/p>\n<p>&nbsp;<\/p>\n<p><strong>Polyester-Fertigbecken<\/strong><\/p>\n\n<div class=\"row gallery-space pV0H10\">\n\t\t\t\t<div class=\"four columns mobile-four space-bottom mobile-fullwidth\">\n\t\t\t\t<div class=\"row\">\n\t\t\t\t\t<div class=\"twelve columns pV0H5 gallery_fancybox\">\n\t\t\t\t\t\t<a class=\"fancybox gallery_3col image\" data-fancybox-group=\"gallery_3col\"  href=\"https:\/\/www.wagner-tirol.at\/wp-content\/uploads\/2017\/03\/polyester-fertigbecken-000.jpg\" title=\"\">\n\t\t\t\t\t\t\t\t\t\t\t<img decoding=\"async\" src=\"https:\/\/www.wagner-tirol.at\/wp-content\/uploads\/2017\/03\/polyester-fertigbecken-000-400x250.jpg\" alt=\"\" title=\"\"\/>\n\t\t\t\t\t\t\t\t\t\t\t<\/a>\n\t\t\t\t\t<\/div>\n\t\t\t\t<\/div>\n\t\t\t<\/div>                 \n\t\t\t\t\n\t\t\t\t<div class=\"four columns mobile-four space-bottom mobile-fullwidth\">\n\t\t\t\t<div class=\"row\">\n\t\t\t\t\t<div class=\"twelve columns pV0H5 gallery_fancybox\">\n\t\t\t\t\t\t<a class=\"fancybox gallery_3col image\" data-fancybox-group=\"gallery_3col\"  href=\"https:\/\/www.wagner-tirol.at\/wp-content\/uploads\/2017\/03\/polyester-fertigbecken-001.jpg\" title=\"\">\n\t\t\t\t\t\t\t\t\t\t\t<img decoding=\"async\" src=\"https:\/\/www.wagner-tirol.at\/wp-content\/uploads\/2017\/03\/polyester-fertigbecken-001-400x250.jpg\" alt=\"\" title=\"\"\/>\n\t\t\t\t\t\t\t\t\t\t\t<\/a>\n\t\t\t\t\t<\/div>\n\t\t\t\t<\/div>\n\t\t\t<\/div>                 \n\t\t\t\t\n\t\t\n\n<\/div>            \n\n\n<p>Folienbecken sind\u00a0als Neubau bzw. bei Sanierung eine kosteng\u00fcnstige und qualitativ hochwertige Alternative.<\/p>\n<p>Die Folien sind 1,5 mm stark und haben ein Polyestergewebe\u00a0eingearbeitet, welches sie sehr stabil macht.<\/p>\n<p>Ein weiterer Vorteil ist die lange Haltbarkeit von \u00fcber 25 Jahren bei guter Pflege (Wasserqualit\u00e4t).<\/p>\n<p>Mittlerweile kann man aus einem breiten Spektrum an Farben ausw\u00e4hlen.<\/p>\n<p>&nbsp;<\/p>\n<p><strong>Austellbecken<\/strong><\/p>\n\n<div class=\"row gallery-space pV0H10\">\n\t\t\t\t<div class=\"four columns mobile-four space-bottom mobile-fullwidth\">\n\t\t\t\t<div class=\"row\">\n\t\t\t\t\t<div class=\"twelve columns pV0H5 gallery_fancybox\">\n\t\t\t\t\t\t<a class=\"fancybox gallery_3col image\" data-fancybox-group=\"gallery_3col\"  href=\"https:\/\/www.wagner-tirol.at\/wp-content\/uploads\/2017\/03\/schwimmbecken-aufstellbecken.jpg\" title=\"\">\n\t\t\t\t\t\t\t\t\t\t\t<img decoding=\"async\" src=\"https:\/\/www.wagner-tirol.at\/wp-content\/uploads\/2017\/03\/schwimmbecken-aufstellbecken-400x250.jpg\" alt=\"\" title=\"\"\/>\n\t\t\t\t\t\t\t\t\t\t\t<\/a>\n\t\t\t\t\t<\/div>\n\t\t\t\t<\/div>\n\t\t\t<\/div>                 \n\t\t\t\t\n\t\t\n\n<\/div>            \n\n\n<p>Rundbecken mit beidseitig feuerverzinktem Stahlmantel, innen schutzlackiert, au\u00dfen kunststoffbeschichtet. Aussparung f\u00fcr den Skimmereinbau werkseitig vorgesehen. Kunststoff-Handlauf und Bodenprofile f\u00fcr abgerundete Optik und eine besonders lange Lebensdauer. Die vorgefertigte Einh\u00e4ngefolie mit Einh\u00e4ngebiese erm\u00f6glicht eine einfache und rasche Montage des Schwimmbeckens. Verschiedene Gr\u00f6\u00dfen lieferbar!<\/p>\n<p>&nbsp;<\/p>\n<p><strong>Edelstahlbecken<\/strong><\/p>\n\n<div class=\"row gallery-space pV0H10\">\n\t\t\t\t<div class=\"four columns mobile-four space-bottom mobile-fullwidth\">\n\t\t\t\t<div class=\"row\">\n\t\t\t\t\t<div class=\"twelve columns pV0H5 gallery_fancybox\">\n\t\t\t\t\t\t<a class=\"fancybox gallery_3col image\" data-fancybox-group=\"gallery_3col\"  href=\"https:\/\/www.wagner-tirol.at\/wp-content\/uploads\/2017\/03\/Schwimmbecken-Edelstahl.jpg\" title=\"\">\n\t\t\t\t\t\t\t\t\t\t\t<img decoding=\"async\" src=\"https:\/\/www.wagner-tirol.at\/wp-content\/uploads\/2017\/03\/Schwimmbecken-Edelstahl-400x250.jpg\" alt=\"\" title=\"\"\/>\n\t\t\t\t\t\t\t\t\t\t\t<\/a>\n\t\t\t\t\t<\/div>\n\t\t\t\t<\/div>\n\t\t\t<\/div>                 \n\t\t\t\t\n\t\t\n\n<\/div>            \n\n\n<p>Edelstahltauchbecken<\/p>\n<p>Mit dem Werkstoff Edelstahl sind sehr hochwertige gro\u00dfe und kleine Schwimmbecken\u00a0realisierbar.<\/p>\n<p>Diese Becken brauchen eine genaue Planung. Daf\u00fcr stehen wir Ihnen gern zur Verf\u00fcgung.<\/p>\n<p>&nbsp;<\/p>\n<p><strong>Therapiebecken<\/strong><\/p>\n\n<div class=\"row gallery-space pV0H10\">\n\t\t\t\t<div class=\"four columns mobile-four space-bottom mobile-fullwidth\">\n\t\t\t\t<div class=\"row\">\n\t\t\t\t\t<div class=\"twelve columns pV0H5 gallery_fancybox\">\n\t\t\t\t\t\t<a class=\"fancybox gallery_3col image\" data-fancybox-group=\"gallery_3col\"  href=\"https:\/\/www.wagner-tirol.at\/wp-content\/uploads\/2017\/03\/schwimmbecken-therapiebecken-001.jpg\" title=\"\">\n\t\t\t\t\t\t\t\t\t\t\t<img decoding=\"async\" src=\"https:\/\/www.wagner-tirol.at\/wp-content\/uploads\/2017\/03\/schwimmbecken-therapiebecken-001-400x250.jpg\" alt=\"\" title=\"\"\/>\n\t\t\t\t\t\t\t\t\t\t\t<\/a>\n\t\t\t\t\t<\/div>\n\t\t\t\t<\/div>\n\t\t\t<\/div>                 \n\t\t\t\t\n\t\t\t\t<div class=\"four columns mobile-four space-bottom mobile-fullwidth\">\n\t\t\t\t<div class=\"row\">\n\t\t\t\t\t<div class=\"twelve columns pV0H5 gallery_fancybox\">\n\t\t\t\t\t\t<a class=\"fancybox gallery_3col image\" data-fancybox-group=\"gallery_3col\"  href=\"https:\/\/www.wagner-tirol.at\/wp-content\/uploads\/2017\/03\/schwimmbecken-therapiebecken-002.jpg\" title=\"\">\n\t\t\t\t\t\t\t\t\t\t\t<img decoding=\"async\" src=\"https:\/\/www.wagner-tirol.at\/wp-content\/uploads\/2017\/03\/schwimmbecken-therapiebecken-002-400x250.jpg\" alt=\"\" title=\"\"\/>\n\t\t\t\t\t\t\t\t\t\t\t<\/a>\n\t\t\t\t\t<\/div>\n\t\t\t\t<\/div>\n\t\t\t<\/div>                 \n\t\t\t\t\n\t\t\t\t<div class=\"four columns mobile-four space-bottom mobile-fullwidth\">\n\t\t\t\t<div class=\"row\">\n\t\t\t\t\t<div class=\"twelve columns pV0H5 gallery_fancybox\">\n\t\t\t\t\t\t<a class=\"fancybox gallery_3col image\" data-fancybox-group=\"gallery_3col\"  href=\"https:\/\/www.wagner-tirol.at\/wp-content\/uploads\/2017\/03\/schwimmbecken-therapiebecken-003.jpg\" title=\"\">\n\t\t\t\t\t\t\t\t\t\t\t<img decoding=\"async\" src=\"https:\/\/www.wagner-tirol.at\/wp-content\/uploads\/2017\/03\/schwimmbecken-therapiebecken-003-400x250.jpg\" alt=\"\" title=\"\"\/>\n\t\t\t\t\t\t\t\t\t\t\t<\/a>\n\t\t\t\t\t<\/div>\n\t\t\t\t<\/div>\n\t\t\t<\/div>                 \n\t\t\t\t\n\t\t\t\t<div class=\"four columns mobile-four space-bottom mobile-fullwidth\">\n\t\t\t\t<div class=\"row\">\n\t\t\t\t\t<div class=\"twelve columns pV0H5 gallery_fancybox\">\n\t\t\t\t\t\t<a class=\"fancybox gallery_3col image\" data-fancybox-group=\"gallery_3col\"  href=\"https:\/\/www.wagner-tirol.at\/wp-content\/uploads\/2017\/03\/schwimmbecken-therapiebecken-004.jpg\" title=\"\">\n\t\t\t\t\t\t\t\t\t\t\t<img decoding=\"async\" src=\"https:\/\/www.wagner-tirol.at\/wp-content\/uploads\/2017\/03\/schwimmbecken-therapiebecken-004-400x250.jpg\" alt=\"\" title=\"\"\/>\n\t\t\t\t\t\t\t\t\t\t\t<\/a>\n\t\t\t\t\t<\/div>\n\t\t\t\t<\/div>\n\t\t\t<\/div>                 \n\t\t\t\t\n\t\t\n\n<\/div>            \n\n\n<p>In Segmentbauweise hergestellt. Ideal f\u00fcr die Anwendung als Therapie- oder auch Babyschwimmbecken.<\/p>\n<p>Kann auf Ihr gew\u00fcnschtes Ma\u00df gefertigt werden. Gerne erstellen wir Ihnen ein konkretes Angebot. Auch bestens zur kommerziellen Nutzung geeignet.<\/p>\n<p>Das Becken auf den Fotos ist in Segmentbauweise mit Edelstahlverblendung gefertigt.<\/p>\n","protected":false},"excerpt":{"rendered":"<p>Schwimmb\u00e4der &nbsp; Wir schaffen Ihre pers\u00f6nliche Wohlf\u00fchloase. Je nach Kundenwunsch\u00a0verwirklichen wir dies mit einem Folien-, Polyester-, Segment- oder Edelstahlbecken. Gern erstellen wir ein Angebot nach Ihren Vorstellungen. &nbsp; Folienbecken &nbsp; [&hellip;]<\/p>\n","protected":false},"author":1,"featured_media":0,"parent":0,"menu_order":0,"comment_status":"closed","ping_status":"closed","template":"","meta":{"footnotes":""},"_links":{"self":[{"href":"https:\/\/www.wagner-tirol.at\/index.php?rest_route=\/wp\/v2\/pages\/20"}],"collection":[{"href":"https:\/\/www.wagner-tirol.at\/index.php?rest_route=\/wp\/v2\/pages"}],"about":[{"href":"https:\/\/www.wagner-tirol.at\/index.php?rest_route=\/wp\/v2\/types\/page"}],"author":[{"embeddable":true,"href":"https:\/\/www.wagner-tirol.at\/index.php?rest_route=\/wp\/v2\/users\/1"}],"replies":[{"embeddable":true,"href":"https:\/\/www.wagner-tirol.at\/index.php?rest_route=%2Fwp%2Fv2%2Fcomments&post=20"}],"version-history":[{"count":4,"href":"https:\/\/www.wagner-tirol.at\/index.php?rest_route=\/wp\/v2\/pages\/20\/revisions"}],"predecessor-version":[{"id":193,"href":"https:\/\/www.wagner-tirol.at\/index.php?rest_route=\/wp\/v2\/pages\/20\/revisions\/193"}],"wp:attachment":[{"href":"https:\/\/www.wagner-tirol.at\/index.php?rest_route=%2Fwp%2Fv2%2Fmedia&parent=20"}],"curies":[{"name":"wp","href":"https:\/\/api.w.org\/{rel}","templated":true}]}}